
{"id":209,"date":"2025-03-31T08:10:08","date_gmt":"2025-03-31T13:10:08","guid":{"rendered":"https:\/\/vasaestudio.com\/?page_id=209"},"modified":"2025-03-31T13:19:48","modified_gmt":"2025-03-31T18:19:48","slug":"proyectos","status":"publish","type":"page","link":"https:\/\/vasaestudio.com\/?page_id=209","title":{"rendered":"PROYECTOS"},"content":{"rendered":"\n<div class=\"wp-block-uagb-image alignfull uagb-block-2b8994dd wp-block-uagb-image--layout-overlay wp-block-uagb-image--effect-static wp-block-uagb-image--align-full\"><figure class=\"wp-block-uagb-image__figure\"><img fetchpriority=\"high\" decoding=\"async\" srcset=\"https:\/\/vasaestudio.com\/wp-content\/uploads\/2025\/03\/09-e1743426786641-1024x408.png ,https:\/\/vasaestudio.com\/wp-content\/uploads\/2025\/03\/09-e1743426786641.png 780w, https:\/\/vasaestudio.com\/wp-content\/uploads\/2025\/03\/09-e1743426786641-1024x408.png 360w\" sizes=\"(max-width: 480px) 150px\" src=\"https:\/\/vasaestudio.com\/wp-content\/uploads\/2025\/03\/09-e1743426786641-1024x408.png\" alt=\"\" class=\"uag-image-51\" width=\"1024\" height=\"408\" title=\"01\" role=\"img\"\/><div class=\"wp-block-uagb-image--layout-overlay__color-wrapper\"><\/div><div class=\"wp-block-uagb-image--layout-overlay__inner center-center\"><h1 class=\"uagb-image-heading\">PROYECTOS<\/h1><figcaption class=\"uagb-image-caption\">Cada proyecto que realizamos es una colaboraci\u00f3n profunda entre visi\u00f3n, estrategia y dise\u00f1o. Aqu\u00ed reunimos una selecci\u00f3n de trabajos que representan no solo lo que hacemos, sino c\u00f3mo pensamos y c\u00f3mo creamos. Desde identidades visuales hasta productos y experiencias gr\u00e1ficas, cada pieza refleja nuestro compromiso por construir marcas aut\u00e9nticas, con prop\u00f3sito y atenci\u00f3n al detalle.<br>Explora nuestro portafolio y descubre c\u00f3mo transformamos ideas en soluciones visuales que conectan.<\/figcaption><\/div><\/figure><\/div>\n\n\n<style>.kb-row-layout-id209_8bcde7-d4 > .kt-row-column-wrap{align-content:start;}:where(.kb-row-layout-id209_8bcde7-d4 > .kt-row-column-wrap) > .wp-block-kadence-column{justify-content:start;}.kb-row-layout-id209_8bcde7-d4 > .kt-row-column-wrap{column-gap:var(--global-kb-gap-md, 2rem);row-gap:var(--global-kb-gap-md, 2rem);padding-top:var(--global-kb-spacing-sm, 1.5rem);padding-bottom:var(--global-kb-spacing-sm, 1.5rem);grid-template-columns:minmax(0, calc(10% - ((var(--global-kb-gap-md, 2rem) * 3 )\/4)))minmax(0, calc(25% - ((var(--global-kb-gap-md, 2rem) * 3 )\/4)))minmax(0, calc(55% - ((var(--global-kb-gap-md, 2rem) * 3 )\/4)))minmax(0, calc(10% - ((var(--global-kb-gap-md, 2rem) * 3 )\/4)));}.kb-row-layout-id209_8bcde7-d4 > .kt-row-layout-overlay{opacity:0.30;}@media all and (max-width: 1024px){.kb-row-layout-id209_8bcde7-d4 > .kt-row-column-wrap > div:not(.added-for-specificity){grid-column:initial;}}@media all and (max-width: 1024px){.kb-row-layout-id209_8bcde7-d4 > .kt-row-column-wrap{grid-template-columns:repeat(4, minmax(0, 1fr));}}@media all and (max-width: 767px){.kb-row-layout-id209_8bcde7-d4 > .kt-row-column-wrap > div:not(.added-for-specificity){grid-column:initial;}.kb-row-layout-id209_8bcde7-d4 > .kt-row-column-wrap{grid-template-columns:minmax(0, 1fr);}}<\/style><div class=\"kb-row-layout-wrap kb-row-layout-id209_8bcde7-d4 alignnone wp-block-kadence-rowlayout\"><div class=\"kt-row-column-wrap kt-has-4-columns kt-row-layout-equal kt-tab-layout-inherit kt-mobile-layout-row kt-row-valign-top\">\n<style>.kadence-column209_c8bc57-9e > .kt-inside-inner-col,.kadence-column209_c8bc57-9e > .kt-inside-inner-col:before{border-top-left-radius:0px;border-top-right-radius:0px;border-bottom-right-radius:0px;border-bottom-left-radius:0px;}.kadence-column209_c8bc57-9e > .kt-inside-inner-col{column-gap:var(--global-kb-gap-sm, 1rem);}.kadence-column209_c8bc57-9e > .kt-inside-inner-col{flex-direction:column;}.kadence-column209_c8bc57-9e > .kt-inside-inner-col > .aligncenter{width:100%;}.kadence-column209_c8bc57-9e > .kt-inside-inner-col:before{opacity:0.3;}.kadence-column209_c8bc57-9e{position:relative;}@media all and (max-width: 1024px){.kadence-column209_c8bc57-9e > .kt-inside-inner-col{flex-direction:column;justify-content:center;}}@media all and (max-width: 767px){.kadence-column209_c8bc57-9e > .kt-inside-inner-col{flex-direction:column;justify-content:center;}}<\/style>\n<div class=\"wp-block-kadence-column kadence-column209_c8bc57-9e\"><div class=\"kt-inside-inner-col\"><\/div><\/div>\n\n\n<style>.kadence-column209_c25e63-8b > .kt-inside-inner-col,.kadence-column209_c25e63-8b > .kt-inside-inner-col:before{border-top-left-radius:0px;border-top-right-radius:0px;border-bottom-right-radius:0px;border-bottom-left-radius:0px;}.kadence-column209_c25e63-8b > .kt-inside-inner-col{column-gap:var(--global-kb-gap-sm, 1rem);}.kadence-column209_c25e63-8b > .kt-inside-inner-col{flex-direction:column;}.kadence-column209_c25e63-8b > .kt-inside-inner-col > .aligncenter{width:100%;}.kadence-column209_c25e63-8b > .kt-inside-inner-col:before{opacity:0.3;}.kadence-column209_c25e63-8b{position:relative;}@media all and (max-width: 1024px){.kadence-column209_c25e63-8b > .kt-inside-inner-col{flex-direction:column;justify-content:center;}}@media all and (max-width: 767px){.kadence-column209_c25e63-8b > .kt-inside-inner-col{flex-direction:column;justify-content:center;}}<\/style>\n<div class=\"wp-block-kadence-column kadence-column209_c25e63-8b\"><div class=\"kt-inside-inner-col\">\n<div class=\"wp-block-uagb-image aligncenter uagb-block-9aba69d7 wp-block-uagb-image--layout-default wp-block-uagb-image--effect-static wp-block-uagb-image--align-center\"><figure class=\"wp-block-uagb-image__figure\"><img loading=\"lazy\" decoding=\"async\" srcset=\"https:\/\/vasaestudio.com\/wp-content\/uploads\/2025\/03\/identidades-03-1-300x300.png ,https:\/\/vasaestudio.com\/wp-content\/uploads\/2025\/03\/identidades-03-1.png 780w, https:\/\/vasaestudio.com\/wp-content\/uploads\/2025\/03\/identidades-03-1.png 360w\" sizes=\"auto, (max-width: 480px) 150px\" src=\"https:\/\/vasaestudio.com\/wp-content\/uploads\/2025\/03\/identidades-03-1-300x300.png\" alt=\"\" class=\"uag-image-136\" width=\"300\" height=\"300\" title=\"identidades-03\" loading=\"lazy\" role=\"img\"\/><\/figure><\/div>\n<\/div><\/div>\n\n\n<style>.kadence-column209_5e1ba5-bc > .kt-inside-inner-col{display:flex;}.kadence-column209_5e1ba5-bc > .kt-inside-inner-col,.kadence-column209_5e1ba5-bc > .kt-inside-inner-col:before{border-top-left-radius:0px;border-top-right-radius:0px;border-bottom-right-radius:0px;border-bottom-left-radius:0px;}.kadence-column209_5e1ba5-bc > .kt-inside-inner-col{row-gap:var(--global-kb-gap-none, 0rem );column-gap:var(--global-kb-gap-sm, 1rem);}.kadence-column209_5e1ba5-bc > .kt-inside-inner-col{flex-direction:column;justify-content:center;align-items:flex-start;}.kadence-column209_5e1ba5-bc > .kt-inside-inner-col > .kb-image-is-ratio-size{align-self:stretch;}.kadence-column209_5e1ba5-bc > .kt-inside-inner-col > .wp-block-kadence-advancedgallery{align-self:stretch;}.kadence-column209_5e1ba5-bc > .kt-inside-inner-col > .aligncenter{width:100%;}.kt-row-column-wrap > .kadence-column209_5e1ba5-bc{align-self:center;}.kt-inner-column-height-full:not(.kt-has-1-columns) > .wp-block-kadence-column.kadence-column209_5e1ba5-bc{align-self:auto;}.kt-inner-column-height-full:not(.kt-has-1-columns) > .wp-block-kadence-column.kadence-column209_5e1ba5-bc > .kt-inside-inner-col{flex-direction:column;justify-content:center;}.kadence-column209_5e1ba5-bc > .kt-inside-inner-col:before{opacity:0.3;}.kadence-column209_5e1ba5-bc{text-align:left;}.kadence-column209_5e1ba5-bc{position:relative;}@media all and (max-width: 1024px){.kt-row-column-wrap > .kadence-column209_5e1ba5-bc{align-self:center;}}@media all and (max-width: 1024px){.kt-inner-column-height-full:not(.kt-has-1-columns) > .wp-block-kadence-column.kadence-column209_5e1ba5-bc{align-self:auto;}}@media all and (max-width: 1024px){.kt-inner-column-height-full:not(.kt-has-1-columns) > .wp-block-kadence-column.kadence-column209_5e1ba5-bc > .kt-inside-inner-col{flex-direction:column;justify-content:center;}}@media all and (max-width: 1024px){.kadence-column209_5e1ba5-bc > .kt-inside-inner-col{flex-direction:column;justify-content:center;align-items:flex-start;}}@media all and (max-width: 767px){.kt-row-column-wrap > .kadence-column209_5e1ba5-bc{align-self:center;}.kt-inner-column-height-full:not(.kt-has-1-columns) > .wp-block-kadence-column.kadence-column209_5e1ba5-bc{align-self:auto;}.kt-inner-column-height-full:not(.kt-has-1-columns) > .wp-block-kadence-column.kadence-column209_5e1ba5-bc > .kt-inside-inner-col{flex-direction:column;justify-content:center;}.kadence-column209_5e1ba5-bc > .kt-inside-inner-col{flex-direction:column;justify-content:center;align-items:flex-start;}}<\/style>\n<div class=\"wp-block-kadence-column kadence-column209_5e1ba5-bc kb-section-dir-vertical\"><div class=\"kt-inside-inner-col\">\n<p class=\"has-medium-font-size\">Trabajamos junto a Grupo Zamzibar, una firma de arquitectos e ingenieros dedicada a la construcci\u00f3n y remodelaci\u00f3n de espacios, en el desarrollo completo de su identidad de marca. Dise\u00f1amos un logotipo que equilibra solidez y modernidad, acompa\u00f1ado de una paleta de colores sobria y elegante que refleja su enfoque t\u00e9cnico y profesional.<br>El proyecto incluy\u00f3 la creaci\u00f3n de papeler\u00eda corporativa, piezas gr\u00e1ficas para comunicaci\u00f3n interna y externa, y aplicaciones visuales como pendones, asegurando coherencia en cada punto de contacto con sus clientes. Una marca pensada para proyectar confianza, estructura y visi\u00f3n.<\/p>\n<\/div><\/div>\n\n\n<style>.kadence-column209_e52e5c-93 > .kt-inside-inner-col,.kadence-column209_e52e5c-93 > .kt-inside-inner-col:before{border-top-left-radius:0px;border-top-right-radius:0px;border-bottom-right-radius:0px;border-bottom-left-radius:0px;}.kadence-column209_e52e5c-93 > .kt-inside-inner-col{column-gap:var(--global-kb-gap-sm, 1rem);}.kadence-column209_e52e5c-93 > .kt-inside-inner-col{flex-direction:column;}.kadence-column209_e52e5c-93 > .kt-inside-inner-col > .aligncenter{width:100%;}.kadence-column209_e52e5c-93 > .kt-inside-inner-col:before{opacity:0.3;}.kadence-column209_e52e5c-93{position:relative;}@media all and (max-width: 1024px){.kadence-column209_e52e5c-93 > .kt-inside-inner-col{flex-direction:column;justify-content:center;}}@media all and (max-width: 767px){.kadence-column209_e52e5c-93 > .kt-inside-inner-col{flex-direction:column;justify-content:center;}}<\/style>\n<div class=\"wp-block-kadence-column kadence-column209_e52e5c-93\"><div class=\"kt-inside-inner-col\"><\/div><\/div>\n\n<\/div><\/div>\n\n<style>.kb-row-layout-id209_88ea65-c0 > .kt-row-column-wrap{align-content:start;}:where(.kb-row-layout-id209_88ea65-c0 > .kt-row-column-wrap) > .wp-block-kadence-column{justify-content:start;}.kb-row-layout-id209_88ea65-c0 > .kt-row-column-wrap{column-gap:var(--global-kb-gap-md, 2rem);row-gap:var(--global-kb-gap-md, 2rem);padding-top:var(--global-kb-spacing-sm, 1.5rem);padding-bottom:var(--global-kb-spacing-sm, 1.5rem);grid-template-columns:minmax(0, calc(10% - ((var(--global-kb-gap-md, 2rem) * 3 )\/4)))minmax(0, calc(25% - ((var(--global-kb-gap-md, 2rem) * 3 )\/4)))minmax(0, calc(55% - ((var(--global-kb-gap-md, 2rem) * 3 )\/4)))minmax(0, calc(10% - ((var(--global-kb-gap-md, 2rem) * 3 )\/4)));}.kb-row-layout-id209_88ea65-c0 > .kt-row-layout-overlay{opacity:0.30;}@media all and (max-width: 1024px){.kb-row-layout-id209_88ea65-c0 > .kt-row-column-wrap > div:not(.added-for-specificity){grid-column:initial;}}@media all and (max-width: 1024px){.kb-row-layout-id209_88ea65-c0 > .kt-row-column-wrap{grid-template-columns:repeat(4, minmax(0, 1fr));}}@media all and (max-width: 767px){.kb-row-layout-id209_88ea65-c0 > .kt-row-column-wrap > div:not(.added-for-specificity){grid-column:initial;}.kb-row-layout-id209_88ea65-c0 > .kt-row-column-wrap{grid-template-columns:minmax(0, 1fr);}}<\/style><div class=\"kb-row-layout-wrap kb-row-layout-id209_88ea65-c0 alignnone wp-block-kadence-rowlayout\"><div class=\"kt-row-column-wrap kt-has-4-columns kt-row-layout-equal kt-tab-layout-inherit kt-mobile-layout-row kt-row-valign-top\">\n<style>.kadence-column209_575b8a-f6 > .kt-inside-inner-col,.kadence-column209_575b8a-f6 > .kt-inside-inner-col:before{border-top-left-radius:0px;border-top-right-radius:0px;border-bottom-right-radius:0px;border-bottom-left-radius:0px;}.kadence-column209_575b8a-f6 > .kt-inside-inner-col{column-gap:var(--global-kb-gap-sm, 1rem);}.kadence-column209_575b8a-f6 > .kt-inside-inner-col{flex-direction:column;}.kadence-column209_575b8a-f6 > .kt-inside-inner-col > .aligncenter{width:100%;}.kadence-column209_575b8a-f6 > .kt-inside-inner-col:before{opacity:0.3;}.kadence-column209_575b8a-f6{position:relative;}@media all and (max-width: 1024px){.kadence-column209_575b8a-f6 > .kt-inside-inner-col{flex-direction:column;justify-content:center;}}@media all and (max-width: 767px){.kadence-column209_575b8a-f6 > .kt-inside-inner-col{flex-direction:column;justify-content:center;}}<\/style>\n<div class=\"wp-block-kadence-column kadence-column209_575b8a-f6\"><div class=\"kt-inside-inner-col\"><\/div><\/div>\n\n\n<style>.kadence-column209_e8d022-17 > .kt-inside-inner-col,.kadence-column209_e8d022-17 > .kt-inside-inner-col:before{border-top-left-radius:0px;border-top-right-radius:0px;border-bottom-right-radius:0px;border-bottom-left-radius:0px;}.kadence-column209_e8d022-17 > .kt-inside-inner-col{column-gap:var(--global-kb-gap-sm, 1rem);}.kadence-column209_e8d022-17 > .kt-inside-inner-col{flex-direction:column;}.kadence-column209_e8d022-17 > .kt-inside-inner-col > .aligncenter{width:100%;}.kadence-column209_e8d022-17 > .kt-inside-inner-col:before{opacity:0.3;}.kadence-column209_e8d022-17{position:relative;}@media all and (max-width: 1024px){.kadence-column209_e8d022-17 > .kt-inside-inner-col{flex-direction:column;justify-content:center;}}@media all and (max-width: 767px){.kadence-column209_e8d022-17 > .kt-inside-inner-col{flex-direction:column;justify-content:center;}}<\/style>\n<div class=\"wp-block-kadence-column kadence-column209_e8d022-17\"><div class=\"kt-inside-inner-col\">\n<div class=\"wp-block-uagb-image aligncenter uagb-block-e0abc37d wp-block-uagb-image--layout-default wp-block-uagb-image--effect-static wp-block-uagb-image--align-center\"><figure class=\"wp-block-uagb-image__figure\"><img loading=\"lazy\" decoding=\"async\" srcset=\"https:\/\/vasaestudio.com\/wp-content\/uploads\/2025\/03\/identidades-02-1024x1024.png ,https:\/\/vasaestudio.com\/wp-content\/uploads\/2025\/03\/identidades-02.png 780w, https:\/\/vasaestudio.com\/wp-content\/uploads\/2025\/03\/identidades-02.png 360w\" sizes=\"auto, (max-width: 480px) 150px\" src=\"https:\/\/vasaestudio.com\/wp-content\/uploads\/2025\/03\/identidades-02-1024x1024.png\" alt=\"\" class=\"uag-image-130\" width=\"300\" height=\"300\" title=\"identidades-02\" loading=\"lazy\" role=\"img\"\/><\/figure><\/div>\n<\/div><\/div>\n\n\n<style>.kadence-column209_ddf79a-61 > .kt-inside-inner-col,.kadence-column209_ddf79a-61 > .kt-inside-inner-col:before{border-top-left-radius:0px;border-top-right-radius:0px;border-bottom-right-radius:0px;border-bottom-left-radius:0px;}.kadence-column209_ddf79a-61 > .kt-inside-inner-col{column-gap:var(--global-kb-gap-sm, 1rem);}.kadence-column209_ddf79a-61 > .kt-inside-inner-col{flex-direction:column;}.kadence-column209_ddf79a-61 > .kt-inside-inner-col > .aligncenter{width:100%;}.kadence-column209_ddf79a-61 > .kt-inside-inner-col:before{opacity:0.3;}.kadence-column209_ddf79a-61{position:relative;}@media all and (max-width: 1024px){.kadence-column209_ddf79a-61 > .kt-inside-inner-col{flex-direction:column;justify-content:center;}}@media all and (max-width: 767px){.kadence-column209_ddf79a-61 > .kt-inside-inner-col{flex-direction:column;justify-content:center;}}<\/style>\n<div class=\"wp-block-kadence-column kadence-column209_ddf79a-61\"><div class=\"kt-inside-inner-col\">\n<p class=\"has-medium-font-size\">Vitanova Consulting es una firma especializada en consultor\u00eda contable, administrativa, tributaria y financiera. Para ellos desarrollamos una identidad de marca s\u00f3lida y profesional, alineada con la confianza y precisi\u00f3n que exige su sector.<br>Creamos un logotipo que transmite orden y claridad, acompa\u00f1ado de una paleta de colores sobria y contempor\u00e1nea. El proyecto incluy\u00f3 el dise\u00f1o de papeler\u00eda institucional, elementos gr\u00e1ficos para comunicaci\u00f3n formal y piezas visuales como pendones y material de presentaci\u00f3n. Una marca dise\u00f1ada para reflejar seriedad, experiencia y cercan\u00eda.<\/p>\n<\/div><\/div>\n\n\n<style>.kadence-column209_b5c1a4-5a > .kt-inside-inner-col,.kadence-column209_b5c1a4-5a > .kt-inside-inner-col:before{border-top-left-radius:0px;border-top-right-radius:0px;border-bottom-right-radius:0px;border-bottom-left-radius:0px;}.kadence-column209_b5c1a4-5a > .kt-inside-inner-col{column-gap:var(--global-kb-gap-sm, 1rem);}.kadence-column209_b5c1a4-5a > .kt-inside-inner-col{flex-direction:column;}.kadence-column209_b5c1a4-5a > .kt-inside-inner-col > .aligncenter{width:100%;}.kadence-column209_b5c1a4-5a > .kt-inside-inner-col:before{opacity:0.3;}.kadence-column209_b5c1a4-5a{position:relative;}@media all and (max-width: 1024px){.kadence-column209_b5c1a4-5a > .kt-inside-inner-col{flex-direction:column;justify-content:center;}}@media all and (max-width: 767px){.kadence-column209_b5c1a4-5a > .kt-inside-inner-col{flex-direction:column;justify-content:center;}}<\/style>\n<div class=\"wp-block-kadence-column kadence-column209_b5c1a4-5a\"><div class=\"kt-inside-inner-col\"><\/div><\/div>\n\n<\/div><\/div>\n\n\n<p><\/p>\n","protected":false},"excerpt":{"rendered":"<p>Trabajamos junto a Grupo Zamzibar, una firma de arquitectos e ingenieros dedicada a la construcci\u00f3n y remodelaci\u00f3n de espacios, en el desarrollo completo de su identidad de marca. Dise\u00f1amos un logotipo que equilibra solidez y modernidad, acompa\u00f1ado de una paleta de colores sobria y elegante que refleja su enfoque t\u00e9cnico y profesional.El proyecto incluy\u00f3 la [&hellip;]<\/p>\n","protected":false},"author":1,"featured_media":0,"parent":0,"menu_order":0,"comment_status":"closed","ping_status":"closed","template":"","meta":{"_uag_custom_page_level_css":"","site-sidebar-layout":"default","site-content-layout":"","ast-site-content-layout":"","site-content-style":"default","site-sidebar-style":"default","ast-global-header-display":"","ast-banner-title-visibility":"","ast-main-header-display":"","ast-hfb-above-header-display":"","ast-hfb-below-header-display":"","ast-hfb-mobile-header-display":"","site-post-title":"disabled","ast-breadcrumbs-content":"","ast-featured-img":"","footer-sml-layout":"","theme-transparent-header-meta":"","adv-header-id-meta":"","stick-header-meta":"","header-above-stick-meta":"","header-main-stick-meta":"","header-below-stick-meta":"","astra-migrate-meta-layouts":"default","ast-page-background-enabled":"default","ast-page-background-meta":{"desktop":{"background-color":"var(--ast-global-color-5)","background-image":"","background-repeat":"repeat","background-position":"center center","background-size":"auto","background-attachment":"scroll","background-type":"","background-media":"","overlay-type":"","overlay-color":"","overlay-opacity":"","overlay-gradient":""},"tablet":{"background-color":"","background-image":"","background-repeat":"repeat","background-position":"center center","background-size":"auto","background-attachment":"scroll","background-type":"","background-media":"","overlay-type":"","overlay-color":"","overlay-opacity":"","overlay-gradient":""},"mobile":{"background-color":"","background-image":"","background-repeat":"repeat","background-position":"center center","background-size":"auto","background-attachment":"scroll","background-type":"","background-media":"","overlay-type":"","overlay-color":"","overlay-opacity":"","overlay-gradient":""}},"ast-content-background-meta":{"desktop":{"background-color":"var(--ast-global-color-4)","background-image":"","background-repeat":"repeat","background-position":"center center","background-size":"auto","background-attachment":"scroll","background-type":"","background-media":"","overlay-type":"","overlay-color":"","overlay-opacity":"","overlay-gradient":""},"tablet":{"background-color":"var(--ast-global-color-4)","background-image":"","background-repeat":"repeat","background-position":"center center","background-size":"auto","background-attachment":"scroll","background-type":"","background-media":"","overlay-type":"","overlay-color":"","overlay-opacity":"","overlay-gradient":""},"mobile":{"background-color":"var(--ast-global-color-4)","background-image":"","background-repeat":"repeat","background-position":"center center","background-size":"auto","background-attachment":"scroll","background-type":"","background-media":"","overlay-type":"","overlay-color":"","overlay-opacity":"","overlay-gradient":""}},"footnotes":""},"class_list":["post-209","page","type-page","status-publish","hentry"],"uagb_featured_image_src":{"full":false,"thumbnail":false,"medium":false,"medium_large":false,"large":false,"1536x1536":false,"2048x2048":false},"uagb_author_info":{"display_name":"AdminVASA","author_link":"https:\/\/vasaestudio.com\/?author=1"},"uagb_comment_info":0,"uagb_excerpt":"Trabajamos junto a Grupo Zamzibar, una firma de arquitectos e ingenieros dedicada a la construcci\u00f3n y remodelaci\u00f3n de espacios, en el desarrollo completo de su identidad de marca. Dise\u00f1amos un logotipo que equilibra solidez y modernidad, acompa\u00f1ado de una paleta de colores sobria y elegante que refleja su enfoque t\u00e9cnico y profesional.El proyecto incluy\u00f3 la&hellip;","_links":{"self":[{"href":"https:\/\/vasaestudio.com\/index.php?rest_route=\/wp\/v2\/pages\/209","targetHints":{"allow":["GET"]}}],"collection":[{"href":"https:\/\/vasaestudio.com\/index.php?rest_route=\/wp\/v2\/pages"}],"about":[{"href":"https:\/\/vasaestudio.com\/index.php?rest_route=\/wp\/v2\/types\/page"}],"author":[{"embeddable":true,"href":"https:\/\/vasaestudio.com\/index.php?rest_route=\/wp\/v2\/users\/1"}],"replies":[{"embeddable":true,"href":"https:\/\/vasaestudio.com\/index.php?rest_route=%2Fwp%2Fv2%2Fcomments&post=209"}],"version-history":[{"count":17,"href":"https:\/\/vasaestudio.com\/index.php?rest_route=\/wp\/v2\/pages\/209\/revisions"}],"predecessor-version":[{"id":230,"href":"https:\/\/vasaestudio.com\/index.php?rest_route=\/wp\/v2\/pages\/209\/revisions\/230"}],"wp:attachment":[{"href":"https:\/\/vasaestudio.com\/index.php?rest_route=%2Fwp%2Fv2%2Fmedia&parent=209"}],"curies":[{"name":"wp","href":"https:\/\/api.w.org\/{rel}","templated":true}]}}